{"id":565,"date":"2018-07-29T12:40:56","date_gmt":"2018-07-29T10:40:56","guid":{"rendered":"http:\/\/www.feuerwehr-muehlau.at\/CMS3\/?page_id=565"},"modified":"2023-07-02T18:47:40","modified_gmt":"2023-07-02T16:47:40","slug":"unsere-fahrzeuge","status":"publish","type":"page","link":"https:\/\/www.feuerwehr-muehlau.at\/CMS3\/unsere-fahrzeuge\/","title":{"rendered":"Fahrzeuge"},"content":{"rendered":"<h5><span><div id=\"twoj_slideshow_69d2aaf9f3851\" class=\"twoj_slideshow\" data-auto=\"false\"  data-width=\"100%\" data-height=\"0\"  data-minwidth=\"300\" data-minheight=\"0\"  data-maxwidth=\"100%\" data-maxheight=\"0\"  data-ratio=\"800\/600\"  data-nav=\"dots\" data-allowfullscreen=\"true\"  data-arrows=\"true\"  data-keyboard=\"true\"  data-transition=\"slide\"  data-transitionduration=\"300\"  data-loop=\"1\"  data-autoplay=\"5000\"  data-stopautoplayontouch=\"true\"  data-fit=\"contain\"  data-margin=\"2\"  data-thumbmargin=\"2\"  data-thumbborderwidth=\"0\"  data-thumbwidth=\"120\"   data-thumbheight=\"60\" ><a  data-link=\"#RLF\" href=\"https:\/\/www.feuerwehr-muehlau.at\/CMS3\/wp-content\/uploads\/2018\/09\/b_f_fahrzeuge_rlf.jpg\" data-caption=\"RLFA-2000\" ><img loading=\"lazy\" decoding=\"async\" src=\"https:\/\/www.feuerwehr-muehlau.at\/CMS3\/wp-content\/uploads\/2018\/09\/b_f_fahrzeuge_rlf-300x166.jpg\"  alt=\"RLFA-2000\" width=\"300\" height=\"166\"><\/a><a  data-link=\"#KRF\" href=\"https:\/\/www.feuerwehr-muehlau.at\/CMS3\/wp-content\/uploads\/2018\/09\/b_f_fahrzeuge_klf.jpg\" data-caption=\"KRF-A\" ><img loading=\"lazy\" decoding=\"async\" src=\"https:\/\/www.feuerwehr-muehlau.at\/CMS3\/wp-content\/uploads\/2018\/09\/b_f_fahrzeuge_klf-300x166.jpg\"  alt=\"KRF-A\" width=\"300\" height=\"166\"><\/a><a  data-link=\"#LAST\" href=\"https:\/\/www.feuerwehr-muehlau.at\/CMS3\/wp-content\/uploads\/2018\/09\/Fahrzeuge_2012_LAST_frei_Web.jpg\" data-caption=\"LAST\" ><img loading=\"lazy\" decoding=\"async\" src=\"https:\/\/www.feuerwehr-muehlau.at\/CMS3\/wp-content\/uploads\/2018\/09\/Fahrzeuge_2012_LAST_frei_Web.jpg\"  alt=\"LAST\" width=\"1\" height=\"1\"><\/a><a  data-link=\"#MTF1\" href=\"https:\/\/www.feuerwehr-muehlau.at\/CMS3\/wp-content\/uploads\/2018\/09\/Fahrzeuge_2012_MTF1_frei_Web.jpg\" data-caption=\"MTF1\" ><img loading=\"lazy\" decoding=\"async\" src=\"https:\/\/www.feuerwehr-muehlau.at\/CMS3\/wp-content\/uploads\/2018\/09\/Fahrzeuge_2012_MTF1_frei_Web.jpg\"  alt=\"MTF1\" width=\"1\" height=\"1\"><\/a><a  data-link=\"#Manitou\" href=\"https:\/\/www.feuerwehr-muehlau.at\/CMS3\/wp-content\/uploads\/2019\/10\/Manitou-Frei.png\" data-caption=\"Manitou\" ><img loading=\"lazy\" decoding=\"async\" src=\"https:\/\/www.feuerwehr-muehlau.at\/CMS3\/wp-content\/uploads\/2019\/10\/Manitou-Frei-300x199.png\"  alt=\"Manitou\" width=\"300\" height=\"199\"><\/a><a  data-link=\"#H\u00e4nger\" href=\"https:\/\/www.feuerwehr-muehlau.at\/CMS3\/wp-content\/uploads\/2018\/09\/b_f_fahrzeuge_haenger.jpg\" data-caption=\"Anh\u00e4nger\" ><img loading=\"lazy\" decoding=\"async\" src=\"https:\/\/www.feuerwehr-muehlau.at\/CMS3\/wp-content\/uploads\/2018\/09\/b_f_fahrzeuge_haenger-300x166.jpg\"  alt=\"Anh\u00e4nger\" width=\"300\" height=\"166\"><\/a><\/div><div style=\"clear: both;\"><\/div><script>var twoj_slideshow_69d2aaf9f3851 = {}, twoj_slideshow_69d2aaf9f3851_css = \"\",\r\n\t\thead = document.head || document.getElementsByTagName(\"head\")[0],\r\n\t\tstyle = document.createElement(\"style\");\r\n\t\tstyle.type = \"text\/css\";\r\n\t\tif (style.styleSheet) style.styleSheet.cssText = twoj_slideshow_69d2aaf9f3851_css;\r\n\t\t\telse  style.appendChild(document.createTextNode(twoj_slideshow_69d2aaf9f3851_css));\r\n\t\thead.appendChild(style);<\/script><\/span><\/h5>\n<h5><\/h5>\n<h5><\/h5>\n<h5><\/h5>\n<h5 id=\"RLF\"><strong>RLF-A 2000 \u2013 R\u00dcST-L\u00d6SCHFAHRZEUG MIT ALLRAD<\/strong><a href=\"http:\/\/www.feuerwehr-muehlau.at\/CMS\/images\/stories\/dennis\/b_f_fahrzeuge_rlf.jpg\"><img loading=\"lazy\" decoding=\"async\" class=\"alignnone\" src=\"http:\/\/www.feuerwehr-muehlau.at\/CMS\/images\/stories\/dennis\/b_f_fahrzeuge_rlf.jpg\" width=\"500\" height=\"277\" alt=\"\"><\/a><\/h5>\n<h6>TECHNISCHE DATEN<\/h6>\n<p><span style=\"font-size: 12pt;\"><strong>Marke<\/strong> Scania, <strong>Aufbau<\/strong> Empl,<\/span><\/p>\n<p><span style=\"font-size: 12pt;\"><strong>Eigengewicht<\/strong> 11.200 kg, <strong>Hzl.-Gesamtgew.<\/strong> 16.000 kg<\/span><\/p>\n<p><span style=\"font-size: 12pt;\"><strong>Leistung<\/strong> 340 PS, <\/span><\/p>\n<h6>&nbsp; TEILE DER AUSR\u00dcSTUNG<\/h6>\n<ul>\n<li><span style=\"font-size: 12pt;\">2000-Liter-Wassertank<\/span><\/li>\n<li><span style=\"font-size: 12pt;\">Stromerzeuger LA-11<\/span><\/li>\n<li><span style=\"font-size: 12pt;\">Hydraulisches Rettungsger\u00e4t Lukas<\/span><\/li>\n<li><span style=\"font-size: 12pt;\">Wasserf\u00fchrende Armaturen<\/span><\/li>\n<li><span style=\"font-size: 12pt;\">Berge- und Absperrmaterial<\/span><\/li>\n<li><span style=\"font-size: 12pt;\">3 Pressluftatmer<\/span><\/li>\n<li><span style=\"font-size: 12pt;\">1 Hochleistungsl\u00fcfter<\/span><\/li>\n<li><span style=\"font-size: 12pt;\">1 Wassersauger<\/span><\/li>\n<li><span style=\"font-size: 12pt;\">1 Schaufeltrage<\/span><\/li>\n<li><span style=\"font-size: 12pt;\">1 Monitor<\/span><\/li>\n<\/ul>\n<h5 class=\"post-title\" id=\"KRF\"><strong>KRF-A \u2013 KLEINES-R\u00dcSTFAHRZEUG MIT ALLRAD<\/strong><\/h5>\n<h5><a href=\"http:\/\/www.feuerwehr-muehlau.at\/CMS\/images\/stories\/dennis\/b_f_fahrzeuge_klf.jpg\"><img loading=\"lazy\" decoding=\"async\" class=\"alignnone\" src=\"http:\/\/www.feuerwehr-muehlau.at\/CMS\/images\/stories\/dennis\/b_f_fahrzeuge_klf.jpg\" width=\"500\" height=\"277\" alt=\"\"><\/a><\/h5>\n<h6>TECHNISCHE DATEN<\/h6>\n<p><span style=\"font-size: 12pt;\"><strong>Marke<\/strong> Mercedes, <strong>Aufbau<\/strong> Empl,<\/span><\/p>\n<p><span style=\"font-size: 12pt;\"><strong>Eigengewicht<\/strong> 3.120 kg, <strong>Hzl.-Gesamtgew.<\/strong> 4.900 kg<\/span><\/p>\n<p><span style=\"font-size: 12pt;\"><strong>Leistung<\/strong> 115 kw, <\/span><\/p>\n<h6>&nbsp; TEILE DER AUSR\u00dcSTUNG<\/h6>\n<ul>\n<li><span style=\"font-size: 12pt;\">Normausr\u00fcstung f\u00fcr KRF<\/span><\/li>\n<li><span style=\"font-size: 12pt;\">Stromerzeuger 8KV<\/span><\/li>\n<li><span style=\"font-size: 12pt;\">Kettens\u00e4ge<\/span><\/li>\n<li><span style=\"font-size: 12pt;\">Motortrennschneider<\/span><\/li>\n<li><span style=\"font-size: 12pt;\">Tauchpumpe<\/span><\/li>\n<li><span style=\"font-size: 12pt;\">Absperrmaterial<\/span><\/li>\n<\/ul>\n<h5 class=\"post-title\" id=\"LAST\"><strong>LAST &#8211; Lastkraftwagen mit Ladekran und Hebeb\u00fchne<\/strong><\/h5>\n<h5><a href=\"http:\/\/www.feuerwehr-muehlau.at\/CMS\/images\/stories\/Fahrzeuge_2012\/Fahrzeuge_2012_LAST_frei_Web.jpg\"><img loading=\"lazy\" decoding=\"async\" class=\"alignnone\" src=\"http:\/\/www.feuerwehr-muehlau.at\/CMS\/images\/stories\/Fahrzeuge_2012\/Fahrzeuge_2012_LAST_frei_Web.jpg\" width=\"3208\" height=\"2346\" alt=\"\"><\/a><\/h5>\n<h6>TECHNISCHE DATEN<\/h6>\n<p><span style=\"font-size: 12pt;\"><strong>Marke<\/strong> Renault,&nbsp;<strong>&nbsp;<\/strong><strong>Typ<\/strong>&nbsp;Midlum 270.14,&nbsp;<strong>Aufbau&nbsp;<\/strong>Empl,&nbsp;<strong>Baujahr&nbsp;<\/strong>2012<\/span><\/p>\n<p><span style=\"font-size: 12pt;\"><b><strong>Aufbauart<\/strong>&nbsp;<\/b>Pritsche mit Schiebeverdeck, Ladebordwand, Ladekran mit Seilwinde<\/span><\/p>\n<p><span style=\"font-size: 12pt;\"><strong>Eigengewicht<\/strong>&nbsp;9.310 kg, <strong>Hzl.-Gesamtgew.<\/strong>&nbsp;15.240 kg,&nbsp;<strong>Nutzlast<\/strong>&nbsp;5.855 kg<\/span><\/p>\n<p><span style=\"font-size: 12pt;\"><strong>Leistung<\/strong> 195 KW, <\/span><\/p>\n<p><span style=\"font-size: 12pt;\"><strong>Ladebordwand<\/strong>&nbsp;MBB Palfinger 1500 KL, Max. Hubleistung 1.500 kg, faltbar<\/span><\/p>\n<p><span style=\"font-size: 12pt;\"><strong>Ladekran<\/strong><b>&nbsp;Palfinger PK 12002 EH &nbsp;<\/b>Aussch\u00fcbe 4x hydraulisch, 1x mechanisch, Reichweite gesamt ca. 14m,<\/span><\/p>\n<p><span style=\"font-size: 12pt;\">hydraulischer Rotator, Holzgreifer, Palettengabel<\/span><\/p>\n<p><span style=\"font-size: 12pt;\"><strong>Kranseilwinde Palfinger&nbsp;<\/strong>Zugkraft 11,4 kN bei oberster Seillage<\/span><b><br \/>\n<\/b><\/p>\n<h6>&nbsp; TEILE DER AUSR\u00dcSTUNG<\/h6>\n<ul>\n<li><span style=\"font-size: 12pt;\">Kettengeh\u00e4nge, Endlosschlaufen, Sch\u00e4kel, Zurrgurte<\/span><\/li>\n<li><span style=\"font-size: 12pt;\">Rollcontainer best\u00fcckt mit Holzgreifer, Rotator, Zubeh\u00f6r Seilwinde<\/span><\/li>\n<li><span style=\"font-size: 12pt;\">6 Faltleitkegel<\/span><\/li>\n<li><span style=\"font-size: 12pt;\">2 Warnblitzleuchten<\/span><\/li>\n<li><span style=\"font-size: 12pt;\">Absperrmaterial<\/span><\/li>\n<li><span style=\"font-size: 12pt;\">2 Handfeuerl\u00f6scher<\/span><\/li>\n<li><span style=\"font-size: 12pt;\">3 Handlampen<\/span><\/li>\n<li><span style=\"font-size: 12pt;\">1 Erste-Hilfe-Koffer<\/span><\/li>\n<\/ul>\n<h5 class=\"post-title\" id=\"MTF1\"><strong>MTF 1 \u2013 MANNSCHAFTSTRANSPORTFAHRZEUG<\/strong><\/h5>\n<h6><a href=\"http:\/\/www.feuerwehr-muehlau.at\/CMS\/images\/stories\/Fahrzeuge_2012\/Fahrzeuge_2012_MTF1_frei_Web.jpg\"><img loading=\"lazy\" decoding=\"async\" class=\"alignnone\" src=\"http:\/\/www.feuerwehr-muehlau.at\/CMS\/images\/stories\/Fahrzeuge_2012\/Fahrzeuge_2012_MTF1_frei_Web.jpg\" width=\"2638\" height=\"1689\" alt=\"\"><\/a>TECHNISCHE DATEN<\/h6>\n<p><span style=\"font-size: 12pt;\"><strong>Marke<\/strong> Mercedes<strong><br \/>\n<\/strong><\/span><br \/>\n<span style=\"font-size: 12pt;\"><strong>Eigengewicht<\/strong>&nbsp;2.125 kg, <strong>Hzl.-Gesamtgew.<\/strong>&nbsp;2.940 kg<\/span><\/p>\n<p><span style=\"font-size: 12pt;\"><strong>Leistung<\/strong> 80kW, <\/span><\/p>\n<h6>&nbsp; TEILE DER AUSR\u00dcSTUNG<\/h6>\n<ul>\n<li><span style=\"font-size: 12pt;\">Absperrmaterial<\/span><\/li>\n<li><span style=\"font-size: 12pt;\">2 Handfeuerl\u00f6scher<\/span><\/li>\n<li><span style=\"font-size: 12pt;\">1 Erste-Hilfe-Koffer<\/span><\/li>\n<\/ul>\n<h5 class=\"post-title\" id=\"Manitou\"><strong>HUB &#8211; Manitou Teleskoplader<\/strong><\/h5>\n<div id=\"attachment_1251\" style=\"width: 760px\" class=\"wp-caption alignnone\"><a href=\"https:\/\/www.feuerwehr-muehlau.at\/CMS3\/wp-content\/uploads\/2019\/10\/Manitou-Frei.png\"><img loading=\"lazy\" decoding=\"async\" aria-describedby=\"caption-attachment-1251\" src=\"https:\/\/www.feuerwehr-muehlau.at\/CMS3\/wp-content\/uploads\/2019\/10\/Manitou-Frei-1024x680.png\" alt=\"Manitou\" width=\"750\" height=\"498\" class=\"wp-image-1251 size-large\" srcset=\"https:\/\/www.feuerwehr-muehlau.at\/CMS3\/wp-content\/uploads\/2019\/10\/Manitou-Frei-1024x680.png 1024w, https:\/\/www.feuerwehr-muehlau.at\/CMS3\/wp-content\/uploads\/2019\/10\/Manitou-Frei-300x199.png 300w, https:\/\/www.feuerwehr-muehlau.at\/CMS3\/wp-content\/uploads\/2019\/10\/Manitou-Frei-768x510.png 768w, https:\/\/www.feuerwehr-muehlau.at\/CMS3\/wp-content\/uploads\/2019\/10\/Manitou-Frei-360x240.png 360w, https:\/\/www.feuerwehr-muehlau.at\/CMS3\/wp-content\/uploads\/2019\/10\/Manitou-Frei.png 1030w\" sizes=\"auto, (max-width: 750px) 100vw, 750px\" \/><\/a><p id=\"caption-attachment-1251\" class=\"wp-caption-text\">Manitou<\/p><\/div>\n<h6>TECHNISCHE DATEN<\/h6>\n<p><span style=\"font-size: 12pt;\"><strong>Marke<\/strong> Manitou,&nbsp;<strong>&nbsp;<\/strong><strong>Typ<\/strong>&nbsp;MT62 5HA,&nbsp;<strong>Baujahr&nbsp;<\/strong>2019<\/span><\/p>\n<p><span style=\"font-size: 12pt;\"><strong>Eigengewicht<\/strong>&nbsp;4.500 kg, <strong>Hubkraft<\/strong>&nbsp;2.500 kg<\/span><\/p>\n<p><span style=\"font-size: 12pt;\"><strong>Leistung<\/strong>&nbsp;55 kW , <\/span><\/p>\n<p><span style=\"font-size: 12pt;\"><strong>Lenkarten<\/strong>&nbsp;Vorderradlenkung, Allradlenkung, Hundegang<\/span><\/p>\n<p><span style=\"font-size: 12pt;\"><strong>Antrieb<\/strong>&nbsp;permanenter Hydrostatischer Allradantrieb<\/span><\/p>\n<p><span style=\"font-size: 12pt;\"><strong>Arbeitsh\u00f6he<\/strong>&nbsp;8m im Arbeitskorb<\/span><\/p>\n<h6>&nbsp; TEILE DER AUSR\u00dcSTUNG<\/h6>\n<ul>\n<li><span style=\"font-size: 12pt;\">Arbeitskorb mit Steuerung f\u00fcr 2 Personen<\/span><\/li>\n<li><span style=\"font-size: 12pt;\">Palettengabel mit Seitenverschub<\/span><\/li>\n<li><span style=\"font-size: 12pt;\">Greifschaufel<\/span><\/li>\n<li>Gummischieber 2,7m Hydraulisch schwenkbar<\/li>\n<\/ul>\n<h5 class=\"post-title\" id=\"H\u00e4nger\"><strong>ANH\u00c4NGER<\/strong><\/h5>\n<p><b><a href=\"http:\/\/www.feuerwehr-muehlau.at\/CMS\/images\/stories\/b_f_fahrzeuge_haenger.jpg\"><img loading=\"lazy\" decoding=\"async\" class=\"alignnone\" src=\"http:\/\/www.feuerwehr-muehlau.at\/CMS\/images\/stories\/b_f_fahrzeuge_haenger.jpg\" width=\"500\" height=\"277\" alt=\"\"><\/a><\/b><\/p>\n<p><span style=\"font-size: 12pt;\"><b>Technische Daten<\/b><\/span><\/p>\n<p><span style=\"font-size: 12pt;\"><b>Marke<\/b> HOSP<b><br \/>\n<\/b><\/span><br \/>\n<span style=\"font-size: 12pt;\"><b>Eigengewicht<\/b> 250 kg, <b>Hzl.-Gesamtgew.<\/b>&nbsp;1.250 kg<\/span><\/p>\n<p><span style=\"font-size: 12pt;\"><b><\/b><\/span><\/p>\n<p><b><\/p>\n<h6><b>Teile der Ausr\u00fcstung<\/b><\/h6>\n<ul>\n<li><span style=\"font-size: 12pt;\">Winde<\/span><\/li>\n<\/ul>\n<p><\/b><\/p>\n","protected":false},"excerpt":{"rendered":"<p>RLF-A 2000 \u2013 R\u00dcST-L\u00d6SCHFAHRZEUG MIT ALLRAD TECHNISCHE DATEN Marke Scania, Aufbau Empl, Eigengewicht 11.200 kg, Hzl.-Gesamtgew. 16.000 kg Leistung 340 PS, &nbsp; TEILE DER AUSR\u00dcSTUNG 2000-Liter-Wassertank Stromerzeuger LA-11 Hydraulisches Rettungsger\u00e4t Lukas Wasserf\u00fchrende Armaturen Berge- und Absperrmaterial 3 Pressluftatmer 1 Hochleistungsl\u00fcfter 1 Wassersauger 1 Schaufeltrage 1 Monitor KRF-A \u2013 KLEINES-R\u00dcSTFAHRZEUG MIT [&hellip;]<\/p>\n","protected":false},"author":39,"featured_media":0,"parent":0,"menu_order":0,"comment_status":"closed","ping_status":"closed","template":"","meta":{"footnotes":""},"class_list":["post-565","page","type-page","status-publish","hentry"],"_links":{"self":[{"href":"https:\/\/www.feuerwehr-muehlau.at\/CMS3\/wp-json\/wp\/v2\/pages\/565","targetHints":{"allow":["GET"]}}],"collection":[{"href":"https:\/\/www.feuerwehr-muehlau.at\/CMS3\/wp-json\/wp\/v2\/pages"}],"about":[{"href":"https:\/\/www.feuerwehr-muehlau.at\/CMS3\/wp-json\/wp\/v2\/types\/page"}],"author":[{"embeddable":true,"href":"https:\/\/www.feuerwehr-muehlau.at\/CMS3\/wp-json\/wp\/v2\/users\/39"}],"replies":[{"embeddable":true,"href":"https:\/\/www.feuerwehr-muehlau.at\/CMS3\/wp-json\/wp\/v2\/comments?post=565"}],"version-history":[{"count":24,"href":"https:\/\/www.feuerwehr-muehlau.at\/CMS3\/wp-json\/wp\/v2\/pages\/565\/revisions"}],"predecessor-version":[{"id":1360,"href":"https:\/\/www.feuerwehr-muehlau.at\/CMS3\/wp-json\/wp\/v2\/pages\/565\/revisions\/1360"}],"wp:attachment":[{"href":"https:\/\/www.feuerwehr-muehlau.at\/CMS3\/wp-json\/wp\/v2\/media?parent=565"}],"curies":[{"name":"wp","href":"https:\/\/api.w.org\/{rel}","templated":true}]}}