{"id":1135,"date":"2019-06-10T19:33:39","date_gmt":"2019-06-10T17:33:39","guid":{"rendered":"https:\/\/www.feuerwehr-muehlau.at\/CMS3\/?page_id=1135"},"modified":"2019-11-15T13:58:08","modified_gmt":"2019-11-15T12:58:08","slug":"technische-ortung","status":"publish","type":"page","link":"https:\/\/www.feuerwehr-muehlau.at\/CMS3\/technische-ortung\/","title":{"rendered":"Technische Ortung"},"content":{"rendered":"\n<p>Gasexplosionen, Erdbeben, Geb\u00e4udeeinst\u00fcrze &#8211; je nach Einsturzursache und Bauweise von Geb\u00e4uden besteht durchaus eine \u00dcberlebenschance f\u00fcr etwaige versch\u00fcttete Personen, da sich zwischen gr\u00f6\u00dferen Tr\u00fcmmerelementen Hohlr\u00e4ume bilden k\u00f6nnen. Dann kommt die Technischen Ortung ins Spiel!<\/p>\n\n\n\n<figure class=\"wp-block-image\"><img loading=\"lazy\" decoding=\"async\" width=\"1024\" height=\"475\" src=\"https:\/\/www.feuerwehr-muehlau.at\/CMS3\/wp-content\/uploads\/2019\/06\/20181026_141108854_iOS-1-1024x475.jpg\" alt=\"\" class=\"wp-image-1144\" srcset=\"https:\/\/www.feuerwehr-muehlau.at\/CMS3\/wp-content\/uploads\/2019\/06\/20181026_141108854_iOS-1-1024x475.jpg 1024w, https:\/\/www.feuerwehr-muehlau.at\/CMS3\/wp-content\/uploads\/2019\/06\/20181026_141108854_iOS-1-300x139.jpg 300w, https:\/\/www.feuerwehr-muehlau.at\/CMS3\/wp-content\/uploads\/2019\/06\/20181026_141108854_iOS-1-768x356.jpg 768w, https:\/\/www.feuerwehr-muehlau.at\/CMS3\/wp-content\/uploads\/2019\/06\/20181026_141108854_iOS-1.jpg 1200w\" sizes=\"auto, (max-width: 1024px) 100vw, 1024px\" \/><\/figure>\n\n\n\n<p><strong>Was ist die &#8222;Technische Ortung&#8220;?<\/strong><\/p>\n\n\n\n<p>Unser Team der Technischen Ortung spezialisiert sich auf die Suche von versch\u00fctteten Personen.<\/p>\n\n\n\n<figure class=\"wp-block-image\"><img loading=\"lazy\" decoding=\"async\" width=\"1024\" height=\"751\" src=\"https:\/\/www.feuerwehr-muehlau.at\/CMS3\/wp-content\/uploads\/2019\/11\/70230459_2753503968007585_3877400860266856448_o-1024x751.jpg\" alt=\"\" class=\"wp-image-1241\" srcset=\"https:\/\/www.feuerwehr-muehlau.at\/CMS3\/wp-content\/uploads\/2019\/11\/70230459_2753503968007585_3877400860266856448_o-1024x751.jpg 1024w, https:\/\/www.feuerwehr-muehlau.at\/CMS3\/wp-content\/uploads\/2019\/11\/70230459_2753503968007585_3877400860266856448_o-300x220.jpg 300w, https:\/\/www.feuerwehr-muehlau.at\/CMS3\/wp-content\/uploads\/2019\/11\/70230459_2753503968007585_3877400860266856448_o-768x563.jpg 768w, https:\/\/www.feuerwehr-muehlau.at\/CMS3\/wp-content\/uploads\/2019\/11\/70230459_2753503968007585_3877400860266856448_o.jpg 1080w\" sizes=\"auto, (max-width: 1024px) 100vw, 1024px\" \/><figcaption>Person nach Einsturz<\/figcaption><\/figure>\n\n\n\n<figure class=\"wp-block-image\"><img loading=\"lazy\" decoding=\"async\" width=\"1024\" height=\"683\" src=\"https:\/\/www.feuerwehr-muehlau.at\/CMS3\/wp-content\/uploads\/2019\/06\/IMG_3908-2-1024x683.jpg\" alt=\"\" class=\"wp-image-1151\" srcset=\"https:\/\/www.feuerwehr-muehlau.at\/CMS3\/wp-content\/uploads\/2019\/06\/IMG_3908-2-1024x683.jpg 1024w, https:\/\/www.feuerwehr-muehlau.at\/CMS3\/wp-content\/uploads\/2019\/06\/IMG_3908-2-300x200.jpg 300w, https:\/\/www.feuerwehr-muehlau.at\/CMS3\/wp-content\/uploads\/2019\/06\/IMG_3908-2-768x512.jpg 768w, https:\/\/www.feuerwehr-muehlau.at\/CMS3\/wp-content\/uploads\/2019\/06\/IMG_3908-2-360x240.jpg 360w, https:\/\/www.feuerwehr-muehlau.at\/CMS3\/wp-content\/uploads\/2019\/06\/IMG_3908-2.jpg 1200w\" sizes=\"auto, (max-width: 1024px) 100vw, 1024px\" \/><figcaption>Taktik f\u00fcr die Ortung<\/figcaption><\/figure>\n\n\n\n<p>Wir betreiben daf\u00fcr spezielles Equipment &#8211; z.B. unser Schallortungsger\u00e4t, mit welchem Personen lokalisiert werden k\u00f6nnen oder die Searchcam, mit der durch kleine \u00d6ffnungen eine Sicht- bzw. Sprechverbindung zum Opfer hergestellt werden kann.<\/p>\n\n\n\n<figure class=\"wp-block-image\"><img loading=\"lazy\" decoding=\"async\" width=\"1024\" height=\"683\" src=\"https:\/\/www.feuerwehr-muehlau.at\/CMS3\/wp-content\/uploads\/2019\/06\/IMG_3931-2-1024x683.jpg\" alt=\"\" class=\"wp-image-1152\" srcset=\"https:\/\/www.feuerwehr-muehlau.at\/CMS3\/wp-content\/uploads\/2019\/06\/IMG_3931-2-1024x683.jpg 1024w, https:\/\/www.feuerwehr-muehlau.at\/CMS3\/wp-content\/uploads\/2019\/06\/IMG_3931-2-300x200.jpg 300w, https:\/\/www.feuerwehr-muehlau.at\/CMS3\/wp-content\/uploads\/2019\/06\/IMG_3931-2-768x512.jpg 768w, https:\/\/www.feuerwehr-muehlau.at\/CMS3\/wp-content\/uploads\/2019\/06\/IMG_3931-2-360x240.jpg 360w, https:\/\/www.feuerwehr-muehlau.at\/CMS3\/wp-content\/uploads\/2019\/06\/IMG_3931-2.jpg 1200w\" sizes=\"auto, (max-width: 1024px) 100vw, 1024px\" \/><figcaption>Ortungsger\u00e4t<\/figcaption><\/figure>\n\n\n\n<figure class=\"wp-block-image\"><img loading=\"lazy\" decoding=\"async\" width=\"1024\" height=\"768\" src=\"https:\/\/www.feuerwehr-muehlau.at\/CMS3\/wp-content\/uploads\/2019\/11\/72580110_2785140364843945_6713382205495705600_o-1024x768.jpg\" alt=\"\" class=\"wp-image-1242\" srcset=\"https:\/\/www.feuerwehr-muehlau.at\/CMS3\/wp-content\/uploads\/2019\/11\/72580110_2785140364843945_6713382205495705600_o-1024x768.jpg 1024w, https:\/\/www.feuerwehr-muehlau.at\/CMS3\/wp-content\/uploads\/2019\/11\/72580110_2785140364843945_6713382205495705600_o-300x225.jpg 300w, https:\/\/www.feuerwehr-muehlau.at\/CMS3\/wp-content\/uploads\/2019\/11\/72580110_2785140364843945_6713382205495705600_o-768x576.jpg 768w, https:\/\/www.feuerwehr-muehlau.at\/CMS3\/wp-content\/uploads\/2019\/11\/72580110_2785140364843945_6713382205495705600_o.jpg 1600w\" sizes=\"auto, (max-width: 1024px) 100vw, 1024px\" \/><figcaption>Kamerasystem<\/figcaption><\/figure>\n\n\n\n<p>Au\u00dferdem verf\u00fcgen wir \u00fcber ein Kernbohrger\u00e4t, um uns Zugang zu Versch\u00fctteten zu verschaffen, sowie weitere Ausr\u00fcstung zur Absicherung einsturzgef\u00e4hrderter Bereiche, wie beispielsweise ein Lasersystem, das Alarm schl\u00e4gt, sobald ein Tr\u00fcmmerteil in irgendeiner Form bewegt oder ver\u00e4ndert. <\/p>\n\n\n\n<div class=\"wp-block-image\"><figure class=\"aligncenter\"><img loading=\"lazy\" decoding=\"async\" width=\"280\" height=\"373\" src=\"https:\/\/www.feuerwehr-muehlau.at\/CMS3\/wp-content\/uploads\/2019\/11\/image019-e1572709986215.jpg\" alt=\"\" class=\"wp-image-1234\" srcset=\"https:\/\/www.feuerwehr-muehlau.at\/CMS3\/wp-content\/uploads\/2019\/11\/image019-e1572709986215.jpg 280w, https:\/\/www.feuerwehr-muehlau.at\/CMS3\/wp-content\/uploads\/2019\/11\/image019-e1572709986215-225x300.jpg 225w\" sizes=\"auto, (max-width: 280px) 100vw, 280px\" \/><figcaption>Kernbohrger\u00e4t<\/figcaption><\/figure><\/div>\n\n\n\n<figure class=\"wp-block-image\"><img loading=\"lazy\" decoding=\"async\" width=\"1024\" height=\"682\" src=\"https:\/\/www.feuerwehr-muehlau.at\/CMS3\/wp-content\/uploads\/2019\/11\/72956516_2785140854843896_2920775686257901568_o-1024x682.jpg\" alt=\"\" class=\"wp-image-1237\" srcset=\"https:\/\/www.feuerwehr-muehlau.at\/CMS3\/wp-content\/uploads\/2019\/11\/72956516_2785140854843896_2920775686257901568_o-1024x682.jpg 1024w, https:\/\/www.feuerwehr-muehlau.at\/CMS3\/wp-content\/uploads\/2019\/11\/72956516_2785140854843896_2920775686257901568_o-300x200.jpg 300w, https:\/\/www.feuerwehr-muehlau.at\/CMS3\/wp-content\/uploads\/2019\/11\/72956516_2785140854843896_2920775686257901568_o-768x511.jpg 768w, https:\/\/www.feuerwehr-muehlau.at\/CMS3\/wp-content\/uploads\/2019\/11\/72956516_2785140854843896_2920775686257901568_o-360x240.jpg 360w, https:\/\/www.feuerwehr-muehlau.at\/CMS3\/wp-content\/uploads\/2019\/11\/72956516_2785140854843896_2920775686257901568_o.jpg 1552w\" sizes=\"auto, (max-width: 1024px) 100vw, 1024px\" \/><figcaption>Lasersystem<\/figcaption><\/figure>\n\n\n\n<p>Um immer am Laufenden zu bleiben und f\u00fcr den Ernstfall ger\u00fcstet zu sein, arbeiten wir eng mit den Suchhundestaffeln der Johanniter Unfallhilfe und des Roten Kreuzes zusammen und nehmen auch regelm\u00e4\u00dfig mit anderen Einheiten an \u00dcbungen teil.<\/p>\n\n\n\n<figure class=\"wp-block-image\"><img loading=\"lazy\" decoding=\"async\" width=\"1024\" height=\"683\" src=\"https:\/\/www.feuerwehr-muehlau.at\/CMS3\/wp-content\/uploads\/2019\/06\/IMG_3926-2-1024x683.jpg\" alt=\"\" class=\"wp-image-1154\" srcset=\"https:\/\/www.feuerwehr-muehlau.at\/CMS3\/wp-content\/uploads\/2019\/06\/IMG_3926-2-1024x683.jpg 1024w, https:\/\/www.feuerwehr-muehlau.at\/CMS3\/wp-content\/uploads\/2019\/06\/IMG_3926-2-300x200.jpg 300w, https:\/\/www.feuerwehr-muehlau.at\/CMS3\/wp-content\/uploads\/2019\/06\/IMG_3926-2-768x512.jpg 768w, https:\/\/www.feuerwehr-muehlau.at\/CMS3\/wp-content\/uploads\/2019\/06\/IMG_3926-2-360x240.jpg 360w, https:\/\/www.feuerwehr-muehlau.at\/CMS3\/wp-content\/uploads\/2019\/06\/IMG_3926-2.jpg 1200w\" sizes=\"auto, (max-width: 1024px) 100vw, 1024px\" \/><figcaption>Ortung<\/figcaption><\/figure>\n\n\n\n<figure class=\"wp-block-embed-youtube aligncenter wp-block-embed is-type-video is-provider-youtube wp-embed-aspect-4-3 wp-has-aspect-ratio\"><div class=\"wp-block-embed__wrapper\">\n<iframe loading=\"lazy\" title=\"Feuerwehr M\u00fchlau Tritolwerk 2009\" width=\"750\" height=\"563\" src=\"https:\/\/www.youtube.com\/embed\/oykIe6fRXfU?feature=oembed\" frameborder=\"0\" allow=\"accelerometer; autoplay; encrypted-media; gyroscope; picture-in-picture\" allowfullscreen><\/iframe>\n<\/div><figcaption>Ausbildungswochenende Tritolwerk 2009<\/figcaption><\/figure>\n","protected":false},"excerpt":{"rendered":"<p>Gasexplosionen, Erdbeben, Geb\u00e4udeeinst\u00fcrze &#8211; je nach Einsturzursache und Bauweise von Geb\u00e4uden besteht durchaus eine \u00dcberlebenschance f\u00fcr etwaige versch\u00fcttete Personen, da sich zwischen gr\u00f6\u00dferen Tr\u00fcmmerelementen Hohlr\u00e4ume bilden k\u00f6nnen. Dann kommt die Technischen Ortung ins Spiel! Was ist die &#8222;Technische Ortung&#8220;? Unser Team der Technischen Ortung spezialisiert sich auf die Suche von [&hellip;]<\/p>\n","protected":false},"author":39,"featured_media":0,"parent":0,"menu_order":0,"comment_status":"closed","ping_status":"closed","template":"","meta":{"footnotes":""},"class_list":["post-1135","page","type-page","status-publish","hentry"],"_links":{"self":[{"href":"https:\/\/www.feuerwehr-muehlau.at\/CMS3\/wp-json\/wp\/v2\/pages\/1135","targetHints":{"allow":["GET"]}}],"collection":[{"href":"https:\/\/www.feuerwehr-muehlau.at\/CMS3\/wp-json\/wp\/v2\/pages"}],"about":[{"href":"https:\/\/www.feuerwehr-muehlau.at\/CMS3\/wp-json\/wp\/v2\/types\/page"}],"author":[{"embeddable":true,"href":"https:\/\/www.feuerwehr-muehlau.at\/CMS3\/wp-json\/wp\/v2\/users\/39"}],"replies":[{"embeddable":true,"href":"https:\/\/www.feuerwehr-muehlau.at\/CMS3\/wp-json\/wp\/v2\/comments?post=1135"}],"version-history":[{"count":16,"href":"https:\/\/www.feuerwehr-muehlau.at\/CMS3\/wp-json\/wp\/v2\/pages\/1135\/revisions"}],"predecessor-version":[{"id":1249,"href":"https:\/\/www.feuerwehr-muehlau.at\/CMS3\/wp-json\/wp\/v2\/pages\/1135\/revisions\/1249"}],"wp:attachment":[{"href":"https:\/\/www.feuerwehr-muehlau.at\/CMS3\/wp-json\/wp\/v2\/media?parent=1135"}],"curies":[{"name":"wp","href":"https:\/\/api.w.org\/{rel}","templated":true}]}}